{"id":583,"date":"2017-11-23T15:02:02","date_gmt":"2017-11-23T14:02:02","guid":{"rendered":"http:\/\/quimitaladmin.wwwmi3-sr24.supercp.com\/?page_id=583"},"modified":"2017-11-23T15:08:30","modified_gmt":"2017-11-23T14:08:30","slug":"cookie-policy","status":"publish","type":"page","link":"https:\/\/quimital.com\/pt-br\/cookie-policy\/","title":{"rendered":"Cookie policy"},"content":{"rendered":"<p>[vc_row css_animation=&#8221;&#8221; row_type=&#8221;row&#8221; use_row_as_full_screen_section=&#8221;no&#8221; type=&#8221;full_width&#8221; angled_section=&#8221;no&#8221; text_align=&#8221;left&#8221; background_image_as_pattern=&#8221;without_pattern&#8221;][vc_column][vc_column_text]Pol\u00edtica de cookies da QUIMITAL<\/p>\n<p>A QUIMITAL Group, Inc. e as empresas afiliadas da QUIMITAL (\u00abQUIMITAL\u00bb ou \u00abn\u00f3s\u00bb) utilizam cookies nos nossos s\u00edtios web. A presente pol\u00edtica de cookies fornece-lhe informa\u00e7\u00f5es detalhadas acerca dos tipos de cookies usados e finalidades de utiliza\u00e7\u00e3o desses mesmos cookies. Para mais informa\u00e7\u00f5es relacionadas com a forma como a QUIMITAL recolhe, utiliza e partilha outros tipos de informa\u00e7\u00e3o, leia a nossa pol\u00edtica de privacidade.<\/p>\n<p>Esta pol\u00edtica n\u00e3o regula a utiliza\u00e7\u00e3o dos nossos s\u00edtios web no que respeita aos investidores da QUIMITAL nos EUA. Para analisar a pol\u00edtica de privacidade aplic\u00e1vel aos clientes da QUIMITAL nos EUA, leia a nossa pol\u00edtica de privacidade nos EUA.<\/p>\n<p>O que \u00e9 um cookie?<\/p>\n<p>Um cookie \u00e9 um pequeno ficheiro composto por letras e n\u00fameros que fica armazenado no seu computador, tablet, telem\u00f3vel ou outro dispositivo quando visita um s\u00edtio web. Os cookies cont\u00eam informa\u00e7\u00f5es que s\u00e3o transferidas para o, ou lidas no, seu dispositivo e permitem que os s\u00edtios web reconhe\u00e7am os dispositivos e armazenem determinadas informa\u00e7\u00f5es, como as prefer\u00eancias do utilizador. Os cookies s\u00e3o utilizados para que possamos distingui-lo de outros utilizadores do nosso s\u00edtio web. Os cookies ajudam-nos a proporcionar-lhe uma experi\u00eancia \u00fatil enquanto navega pelo nosso s\u00edtio web e permitem-nos melhorar os nossos s\u00edtios web.<\/p>\n<p>N\u00f3s, e os nossos prestadores de servi\u00e7os terceiros, utilizamos cookies de sess\u00e3o, que ligam as suas a\u00e7\u00f5es durante uma sess\u00e3o de browser espec\u00edfica e expiram no final dessa mesma sess\u00e3o, assim como cookies persistentes, que permanecem no seu dispositivo e que nos permitem relembrar as suas a\u00e7\u00f5es ou prefer\u00eancias em v\u00e1rias sess\u00f5es do browser.<\/p>\n<p>Quais os cookies que usamos e porqu\u00ea?<\/p>\n<p>Os cookies usados no nosso s\u00edtio web s\u00e3o classificados da seguinte forma:<\/p>\n<p>Estritamente necess\u00e1rio<\/p>\n<p>Os cookies \u00abEstritamente Necess\u00e1rios\u00bb permitem-lhe entrar e mover-se pelo s\u00edtio web e utilizar funcionalidades essenciais. Sem estes cookies, n\u00e3o poderemos fornecer os servi\u00e7os e as informa\u00e7\u00f5es que nos solicitar. Utilizamos cookies Estritamente Necess\u00e1rios sobretudo para identific\u00e1-lo como tendo confirmado a sua elegibilidade para entrar e utilizar o nosso s\u00edtio web e para garantir que se liga ao servi\u00e7o correto no nosso s\u00edtio web quando fazemos altera\u00e7\u00f5es na forma como o s\u00edtio web funciona. A aceita\u00e7\u00e3o destes cookies \u00e9 uma condi\u00e7\u00e3o para utilizar o s\u00edtio web e, por essa raz\u00e3o, se impedir estes cookies n\u00e3o poderemos garantir a sua utiliza\u00e7\u00e3o do nosso s\u00edtio web nem a forma como a seguran\u00e7a no nosso s\u00edtio web ir\u00e1 funcionar durante a sua visita.<\/p>\n<p>Desempenho e an\u00e1lise<\/p>\n<p>Os cookies de \u00abDesempenho\u00bb recolhem informa\u00e7\u00f5es sobre como utiliza o nosso s\u00edtio web, nomeadamente as p\u00e1ginas que visita e quaisquer erros que possa detetar. Estes cookies s\u00e3o usados para ajudar-nos a melhorar a forma como o nosso s\u00edtio web funciona e para perceber aquilo que interessa aos nossos utilizadores. Utilizamos os cookies de Desempenho para:<\/p>\n<p>An\u00e1lise &#8211; reunir v\u00e1rias estat\u00edsticas sobre a forma como o nosso s\u00edtio web \u00e9 utilizado;<br \/>\nGest\u00e3o de erros &#8211; ajudar-nos a melhorar o s\u00edtio web avaliando quaisquer erros que ocorram;<br \/>\nTestes de design &#8211; testar diferentes designs no nosso website para melhorar a experi\u00eancia do utilizador; e<br \/>\nAn\u00e1lise do s\u00edtio web &#8211; permite-nos recolher, diretamente ou atrav\u00e9s de prestadores de servi\u00e7os terceiros, determinadas navega\u00e7\u00f5es t\u00e9cnicas e de navega\u00e7\u00e3o, como o seu tipo de computador ou dispositivo, vers\u00e3o do sistema operativo, tipo e vers\u00e3o do browser, cadeia do agente do utilizador, tipo de liga\u00e7\u00e3o \u00e0 internet, operador da rede m\u00f3vel, data e hora da sua visita, tempo decorrido desde a \u00faltima visita, p\u00e1ginas web visualizadas por si, links clicados, pesquisas realizadas nos nossos s\u00edtios web, endere\u00e7o de protocolo da internet (IP) usado para aceder aos nossos s\u00edtios web, localiza\u00e7\u00e3o geogr\u00e1fica (por ex., cidade, c\u00f3digo postal ou regi\u00e3o metropolitana) e o s\u00edtio web visitado antes de visitar os nossos s\u00edtios web. Estas informa\u00e7\u00f5es podem ser utilizadas, por exemplo, para alert\u00e1-lo para problemas de compatibilidade de software ou para resolver problemas t\u00e9cnicos ou de servi\u00e7o. Tamb\u00e9m analisamos estas informa\u00e7\u00f5es, com o apoio dos nossos prestadores de servi\u00e7os, no sentido de melhorar a estrutura e as funcionalidades web, melhorar a nossa capacidade para servi-lo e para servir as suas contas e adaptar as nossas comunica\u00e7\u00f5es no que se refere a produtos e servi\u00e7os.<\/p>\n<p>Em particular, o s\u00edtio web usa o Adobe Analytics para ajudar a recolher e a analisar determinadas informa\u00e7\u00f5es para os fins acima mencionados. As informa\u00e7\u00f5es geradas acerca da sua utiliza\u00e7\u00e3o dos s\u00edtios web poder\u00e3o ser transmitidas para o, e armazenadas pelo, Adobe Analytics em servidores fora do seu pa\u00eds de resid\u00eancia. Pode recusar o uso de cookies pelo Adobe Analytics aqui.<br \/>\nAlguns dos nossos cookies de Desempenho s\u00e3o geridos em nosso nome por terceiros. Contudo, n\u00e3o permitimos que terceiros utilizem os cookies para quaisquer outros fins que n\u00e3o os acima indicados.<\/p>\n<p>Funcionalidade<\/p>\n<p>Os cookies de \u00abFuncionalidade\u00bb ajudam a fornecer servi\u00e7os ou a relembrar defini\u00e7\u00f5es para melhorar a sua visita. Utilizamos cookies de Funcionalidade para identificar se e quando visitou o nosso s\u00edtio web anteriormente. Alguns destes cookies s\u00e3o geridos em nosso nome por terceiros, mas n\u00e3o permitimos que terceiros usem os cookies para quaisquer outros fins que n\u00e3o os acima indicados.<\/p>\n<p>Direcionamento<\/p>\n<p>Os cookies de \u00abDirecionamento\u00bb permitem-nos, atrav\u00e9s dos nossos prestadores de servi\u00e7os terceiros, identificar se e quando visualizou ou clicou num an\u00fancio espec\u00edfico da QUIMITAL no s\u00edtio web de um terceiro, assim como direcionar a nossa publicidade noutros s\u00edtios web depois de ter visitado o nosso s\u00edtio web. Estabelecemos parcerias com terceiros para fornecer servi\u00e7os de publicidade direcionados que s\u00e3o personalizados com base nas suas atividades online ao longo do tempo e em v\u00e1rios s\u00edtios web n\u00e3o afiliados (\u00abPublicidade Baseada em Interesses\u00bb). Estes terceiros poder\u00e3o usar cookies e web beacons para recolher informa\u00e7\u00f5es acerca da sua atividade nos nossos s\u00edtios web e poder\u00e3o combin\u00e1-las com informa\u00e7\u00f5es acerca da sua atividade noutros s\u00edtios web n\u00e3o afiliados. Por exemplo, os terceiros poder\u00e3o aproveitar o facto de ter visitado os s\u00edtios web da QUIMITAL para direcionar publicidade a servi\u00e7os da QUIMITAL em s\u00edtios web que n\u00e3o os da QUIMITAL. Para al\u00e9m disso, os nossos prestadores de servi\u00e7os de publicidade terceiros poder\u00e3o utilizar informa\u00e7\u00f5es relativas \u00e0 sua utiliza\u00e7\u00e3o dos nossos s\u00edtios web para direcionar publicidade que n\u00e3o da QUIMITAL com base na sua atividade online em geral.<\/p>\n<p>Para mais informa\u00e7\u00f5es acerca da Publicidade Baseada em Interesses e como optar por excluir, visite:<\/p>\n<p>P\u00e1gina Optar por Excluir da Network Advertising Initiative (NAI), dispon\u00edvel em www.networkadvertising.org\/choices;<br \/>\nP\u00e1gina Optar por Excluir da Digital Advertising Alliance (DAA), dispon\u00edvel em www.aboutads.info\/choices;<br \/>\nP\u00e1gina Optar por Excluir da Digital Advertising Alliance of Canada (DAAC), dispon\u00edvel em http:\/\/youradchoices.ca\/choices\/;<br \/>\nP\u00e1gina Optar por Excluir da European Interactive Digital Advertising Alliance (EDAA) (em 27 idiomas), dispon\u00edvel em http:\/\/www.youronlinechoices.eu\/; e<br \/>\nP\u00e1gina Optar por Excluir da Australian Digital Advertising Alliance (ADAA), dispon\u00edvel em http:\/\/www.youronlinechoices.com.au\/opt-out\/.<br \/>\nEmbora os nossos s\u00edtios web n\u00e3o obede\u00e7am, neste momento, a cabe\u00e7alhos \u00abn\u00e3o controlar\u00bb, pode limitar o controlo seguindo os passos explicados acima. A utiliza\u00e7\u00e3o de mecanismos de controlo online por terceiros est\u00e1 sujeita \u00e0s pol\u00edticas de privacidade desses mesmos terceiros e n\u00e3o a esta pol\u00edtica de cookies.<\/p>\n<p>Como retirar o seu consentimento ou eliminar ou bloquear os nossos cookies<\/p>\n<p>Se n\u00e3o pretender ter cookies no seu computador, pode definir o seu browser de forma a recusar todos os cookies ou indicar quando um cookie est\u00e1 a ser definido, para que possa decidir se deseja ou n\u00e3o deseja aceit\u00e1-lo. Tamb\u00e9m pode eliminar cookies do seu computador. A funcionalidade de ajuda existente na maioria dos browsers explicar\u00e1 como pode evitar que o seu browser aceite novos cookies, como receber um aviso quando \u00e9 definido um novo cookie e como desativar cookies no seu todo. Contudo, se optar por bloquear ou eliminar cookies, determinadas funcionalidades dos nossos s\u00edtios web poder\u00e3o n\u00e3o funcionar corretamente.<\/p>\n<p>Se alterar as defini\u00e7\u00f5es do seu browser, ser-lhe-\u00e1 novamente apresentada a op\u00e7\u00e3o de consentimento da pr\u00f3xima vez que visitar o nosso s\u00edtio web.<\/p>\n<p>Exceto se tiver ajustado as defini\u00e7\u00f5es do seu browser para recusar cookies, o sistema da QUIMITAL emitir\u00e1 cookies quando visitar este s\u00edtio web.<\/p>\n<p>[\/vc_column_text][\/vc_column][\/vc_row]<\/p>\n","protected":false},"excerpt":{"rendered":"<p>[vc_row css_animation=&#8221;&#8221; row_type=&#8221;row&#8221; use_row_as_full_screen_section=&#8221;no&#8221; type=&#8221;full_width&#8221; angled_section=&#8221;no&#8221; text_align=&#8221;left&#8221; background_image_as_pattern=&#8221;without_pattern&#8221;][vc_column][vc_column_text]Pol\u00edtica de cookies da QUIMITAL A QUIMITAL Group, Inc. e as empresas afiliadas da QUIMITAL (\u00abQUIMITAL\u00bb ou \u00abn\u00f3s\u00bb) utilizam cookies nos nossos s\u00edtios web. A presente pol\u00edtica de cookies fornece-lhe informa\u00e7\u00f5es detalhadas acerca dos tipos de cookies usados&#8230;<\/p>\n","protected":false},"author":1,"featured_media":0,"parent":0,"menu_order":0,"comment_status":"closed","ping_status":"closed","template":"","meta":{"_et_pb_use_builder":"","_et_pb_old_content":"","_et_gb_content_width":"","_monsterinsights_skip_tracking":false,"_monsterinsights_sitenote_active":false,"_monsterinsights_sitenote_note":"","_monsterinsights_sitenote_category":0},"acf":[],"yoast_head":"<!-- This site is optimized with the Yoast SEO plugin v17.0 - https:\/\/yoast.com\/wordpress\/plugins\/seo\/ -->\n<meta name=\"robots\" content=\"index, follow, max-snippet:-1, max-image-preview:large, max-video-preview:-1\" \/>\n<link rel=\"canonical\" href=\"https:\/\/quimital.com\/pt-br\/cookie-policy\/\" \/>\n<meta property=\"og:locale\" content=\"pt_BR\" \/>\n<meta property=\"og:type\" content=\"article\" \/>\n<meta property=\"og:title\" content=\"Cookie policy - Quimital\" \/>\n<meta property=\"og:description\" content=\"[vc_row css_animation=&#8221;&#8221; row_type=&#8221;row&#8221; use_row_as_full_screen_section=&#8221;no&#8221; type=&#8221;full_width&#8221; angled_section=&#8221;no&#8221; text_align=&#8221;left&#8221; background_image_as_pattern=&#8221;without_pattern&#8221;][vc_column][vc_column_text]Pol\u00edtica de cookies da QUIMITAL A QUIMITAL Group, Inc. e as empresas afiliadas da QUIMITAL (\u00abQUIMITAL\u00bb ou \u00abn\u00f3s\u00bb) utilizam cookies nos nossos s\u00edtios web. A presente pol\u00edtica de cookies fornece-lhe informa\u00e7\u00f5es detalhadas acerca dos tipos de cookies usados...\" \/>\n<meta property=\"og:url\" content=\"https:\/\/quimital.com\/pt-br\/cookie-policy\/\" \/>\n<meta property=\"og:site_name\" content=\"Quimital\" \/>\n<meta property=\"article:modified_time\" content=\"2017-11-23T14:08:30+00:00\" \/>\n<meta name=\"twitter:card\" content=\"summary_large_image\" \/>\n<meta name=\"twitter:label1\" content=\"Est. tempo de leitura\" \/>\n\t<meta name=\"twitter:data1\" content=\"8 minutos\" \/>\n<script type=\"application\/ld+json\" class=\"yoast-schema-graph\">{\"@context\":\"https:\/\/schema.org\",\"@graph\":[{\"@type\":\"WebSite\",\"@id\":\"https:\/\/quimital.com\/#website\",\"url\":\"https:\/\/quimital.com\/\",\"name\":\"Quimital\",\"description\":\"Chemical Products for HVACR & AUTOMOTIVE\",\"potentialAction\":[{\"@type\":\"SearchAction\",\"target\":{\"@type\":\"EntryPoint\",\"urlTemplate\":\"https:\/\/quimital.com\/?s={search_term_string}\"},\"query-input\":\"required name=search_term_string\"}],\"inLanguage\":\"pt-BR\"},{\"@type\":\"WebPage\",\"@id\":\"https:\/\/quimital.com\/pt-br\/cookie-policy\/#webpage\",\"url\":\"https:\/\/quimital.com\/pt-br\/cookie-policy\/\",\"name\":\"Cookie policy - Quimital\",\"isPartOf\":{\"@id\":\"https:\/\/quimital.com\/#website\"},\"datePublished\":\"2017-11-23T14:02:02+00:00\",\"dateModified\":\"2017-11-23T14:08:30+00:00\",\"breadcrumb\":{\"@id\":\"https:\/\/quimital.com\/pt-br\/cookie-policy\/#breadcrumb\"},\"inLanguage\":\"pt-BR\",\"potentialAction\":[{\"@type\":\"ReadAction\",\"target\":[\"https:\/\/quimital.com\/pt-br\/cookie-policy\/\"]}]},{\"@type\":\"BreadcrumbList\",\"@id\":\"https:\/\/quimital.com\/pt-br\/cookie-policy\/#breadcrumb\",\"itemListElement\":[{\"@type\":\"ListItem\",\"position\":1,\"name\":\"Portada\",\"item\":\"https:\/\/quimital.com\/pt-br\/\"},{\"@type\":\"ListItem\",\"position\":2,\"name\":\"Cookie policy\"}]}]}<\/script>\n<!-- \/ Yoast SEO plugin. -->","yoast_head_json":{"robots":{"index":"index","follow":"follow","max-snippet":"max-snippet:-1","max-image-preview":"max-image-preview:large","max-video-preview":"max-video-preview:-1"},"canonical":"https:\/\/quimital.com\/pt-br\/cookie-policy\/","og_locale":"pt_BR","og_type":"article","og_title":"Cookie policy - Quimital","og_description":"[vc_row css_animation=&#8221;&#8221; row_type=&#8221;row&#8221; use_row_as_full_screen_section=&#8221;no&#8221; type=&#8221;full_width&#8221; angled_section=&#8221;no&#8221; text_align=&#8221;left&#8221; background_image_as_pattern=&#8221;without_pattern&#8221;][vc_column][vc_column_text]Pol\u00edtica de cookies da QUIMITAL A QUIMITAL Group, Inc. e as empresas afiliadas da QUIMITAL (\u00abQUIMITAL\u00bb ou \u00abn\u00f3s\u00bb) utilizam cookies nos nossos s\u00edtios web. A presente pol\u00edtica de cookies fornece-lhe informa\u00e7\u00f5es detalhadas acerca dos tipos de cookies usados...","og_url":"https:\/\/quimital.com\/pt-br\/cookie-policy\/","og_site_name":"Quimital","article_modified_time":"2017-11-23T14:08:30+00:00","twitter_card":"summary_large_image","twitter_misc":{"Est. tempo de leitura":"8 minutos"},"schema":{"@context":"https:\/\/schema.org","@graph":[{"@type":"WebSite","@id":"https:\/\/quimital.com\/#website","url":"https:\/\/quimital.com\/","name":"Quimital","description":"Chemical Products for HVACR & AUTOMOTIVE","potentialAction":[{"@type":"SearchAction","target":{"@type":"EntryPoint","urlTemplate":"https:\/\/quimital.com\/?s={search_term_string}"},"query-input":"required name=search_term_string"}],"inLanguage":"pt-BR"},{"@type":"WebPage","@id":"https:\/\/quimital.com\/pt-br\/cookie-policy\/#webpage","url":"https:\/\/quimital.com\/pt-br\/cookie-policy\/","name":"Cookie policy - Quimital","isPartOf":{"@id":"https:\/\/quimital.com\/#website"},"datePublished":"2017-11-23T14:02:02+00:00","dateModified":"2017-11-23T14:08:30+00:00","breadcrumb":{"@id":"https:\/\/quimital.com\/pt-br\/cookie-policy\/#breadcrumb"},"inLanguage":"pt-BR","potentialAction":[{"@type":"ReadAction","target":["https:\/\/quimital.com\/pt-br\/cookie-policy\/"]}]},{"@type":"BreadcrumbList","@id":"https:\/\/quimital.com\/pt-br\/cookie-policy\/#breadcrumb","itemListElement":[{"@type":"ListItem","position":1,"name":"Portada","item":"https:\/\/quimital.com\/pt-br\/"},{"@type":"ListItem","position":2,"name":"Cookie policy"}]}]}},"_links":{"self":[{"href":"https:\/\/quimital.com\/pt-br\/wp-json\/wp\/v2\/pages\/583"}],"collection":[{"href":"https:\/\/quimital.com\/pt-br\/wp-json\/wp\/v2\/pages"}],"about":[{"href":"https:\/\/quimital.com\/pt-br\/wp-json\/wp\/v2\/types\/page"}],"author":[{"embeddable":true,"href":"https:\/\/quimital.com\/pt-br\/wp-json\/wp\/v2\/users\/1"}],"replies":[{"embeddable":true,"href":"https:\/\/quimital.com\/pt-br\/wp-json\/wp\/v2\/comments?post=583"}],"version-history":[{"count":2,"href":"https:\/\/quimital.com\/pt-br\/wp-json\/wp\/v2\/pages\/583\/revisions"}],"predecessor-version":[{"id":588,"href":"https:\/\/quimital.com\/pt-br\/wp-json\/wp\/v2\/pages\/583\/revisions\/588"}],"wp:attachment":[{"href":"https:\/\/quimital.com\/pt-br\/wp-json\/wp\/v2\/media?parent=583"}],"curies":[{"name":"wp","href":"https:\/\/api.w.org\/{rel}","templated":true}]}}