{"id":794,"date":"2019-10-10T17:07:38","date_gmt":"2019-10-10T15:07:38","guid":{"rendered":"http:\/\/quimitaladmin.wwwmi3-sr24.supercp.com\/soporte\/"},"modified":"2019-10-10T17:19:11","modified_gmt":"2019-10-10T15:19:11","slug":"suporte","status":"publish","type":"page","link":"https:\/\/quimital.com\/pt-br\/suporte\/","title":{"rendered":"SUPORTE"},"content":{"rendered":"<h1 class=\"titolo-condizioni\">SUPORTE<\/h1>\n<div class=\"contenitore-flex condizioni\" style=\"margin-top:80px;\">\n<div class=\"un-quarto\">\n<div class=\"titolo-paese\">\n\t\t\t<img src=\"http:\/\/quimitaladmin.wwwmi3-sr24.supercp.com\/wp-content\/uploads\/2018\/09\/003-peru.png\"><\/p>\n<p>PER&Ugrave;<\/p>\n<\/p><\/div>\n<div class=\"about-footer\">\n<p>QUIMICOS ITALIA SAC<br \/>\n\t\tAv. San Luis Nro. 525<br \/>\n\t\tLa Victoria LIMA <br \/>\n\t\tPER\u00d9\n\t\t<\/p>\n<\/p><\/div><\/div>\n<div class=\"un-quarto\">\n<div class=\"titolo-paese\">\n\t\t<img src=\"http:\/\/quimitaladmin.wwwmi3-sr24.supercp.com\/wp-content\/uploads\/2018\/09\/002-brazil.png\"><\/p>\n<p>BRASIL<\/p>\n<\/p><\/div>\n<div class=\"about-footer\">\n<p>QUIMITAL LTDA.<br \/>\n\tAv. Valville 109 &#8211; cj. 404  <br \/>  CEP 06532-010<br \/> Santana de Parnaiba <br \/> S\u00c3O PAULO  BRASIL<\/p>\n<\/p><\/div>\n<\/div>\n<div class=\"un-quarto\">\n<div class=\"titolo-paese\">\n\t\t<img src=\"http:\/\/quimitaladmin.wwwmi3-sr24.supercp.com\/wp-content\/uploads\/2018\/09\/004-mexico.png\"><\/p>\n<p>MEXICO<\/p>\n<\/p><\/div>\n<div class=\"about-footer\">\n<p>\n\tHip\u00f3lito Taine 244<br \/>\n\t11560 Chapultepec Morales CDMX<br \/>\n\tMEXICO\n\t\t<\/p>\n<\/p><\/div>\n<\/div>\n<div class=\"un-quarto\">\n<div class=\"titolo-paese\">\n\t\t<img src=\"http:\/\/quimitaladmin.wwwmi3-sr24.supercp.com\/wp-content\/uploads\/2018\/09\/001-united-states.png\"><\/p>\n<p>USA<\/p>\n<\/p><\/div>\n<div class=\"about-footer\">\n<p>\n\tQUIMITAL LLC<br \/>\n\t2600NW 112th AVE<br \/>\n\tDORAL, 33172 FL<br \/>\n\tUSA\n\t\t<\/p>\n<\/p><\/div>\n<\/div>\n<\/div>\n<p style=\"margin-top:80px;\" class=\"testo-condizioni\">Leia atentamente o manual de instru\u00e7\u00f5es antes de utilizar o produto adquirido.<br \/>\nPara maiores informa\u00e7\u00f5es entre em contato con a asistencia tecnica e comercial atrav\u00e9s do e-mail <a href=\"mailto:info@quimitaladmin.wwwmi3-sr24.supercp.com\">info@quimitaladmin.wwwmi3-sr24.supercp.com<\/a> ou diretamente com o escrit\u00f3rio mais pr\u00f3ximo.<\/p>\n<p>&nbsp;<\/p>\n<p class=\"testo-condizioni\"><em>Read the instruction manual carefully before using the purchased product.<br \/>\nFor more information contact the technical and commercial assistance through the email <a href=\"mailto:info@quimitaladmin.wwwmi3-sr24.supercp.com\">info@quimitaladmin.wwwmi3-sr24.supercp.com<\/a> or directly with the nearest office.<\/em><\/p>\n<p>&nbsp;<br \/>\n&nbsp;<br \/>\n&nbsp;<\/p>\n","protected":false},"excerpt":{"rendered":"<p>SUPORTE PER&Ugrave; QUIMICOS ITALIA SAC Av. San Luis Nro. 525 La Victoria LIMA PER\u00d9 BRASIL QUIMITAL LTDA. Av. Valville 109 &#8211; cj. 404 CEP 06532-010 Santana de Parnaiba S\u00c3O PAULO BRASIL MEXICO Hip\u00f3lito Taine 244 11560 Chapultepec Morales CDMX MEXICO USA QUIMITAL LLC 2600NW 112th&#8230;<\/p>\n","protected":false},"author":1,"featured_media":0,"parent":0,"menu_order":0,"comment_status":"closed","ping_status":"closed","template":"","meta":{"_et_pb_use_builder":"","_et_pb_old_content":"","_et_gb_content_width":"","_monsterinsights_skip_tracking":false,"_monsterinsights_sitenote_active":false,"_monsterinsights_sitenote_note":"","_monsterinsights_sitenote_category":0},"acf":[],"yoast_head":"<!-- This site is optimized with the Yoast SEO plugin v17.0 - https:\/\/yoast.com\/wordpress\/plugins\/seo\/ -->\n<meta name=\"robots\" content=\"index, follow, max-snippet:-1, max-image-preview:large, max-video-preview:-1\" \/>\n<link rel=\"canonical\" href=\"https:\/\/quimital.com\/pt-br\/suporte\/\" \/>\n<meta property=\"og:locale\" content=\"pt_BR\" \/>\n<meta property=\"og:type\" content=\"article\" \/>\n<meta property=\"og:title\" content=\"SUPORTE - Quimital\" \/>\n<meta property=\"og:description\" content=\"SUPORTE PER&Ugrave; QUIMICOS ITALIA SAC Av. San Luis Nro. 525 La Victoria LIMA PER\u00d9 BRASIL QUIMITAL LTDA. Av. Valville 109 &#8211; cj. 404 CEP 06532-010 Santana de Parnaiba S\u00c3O PAULO BRASIL MEXICO Hip\u00f3lito Taine 244 11560 Chapultepec Morales CDMX MEXICO USA QUIMITAL LLC 2600NW 112th...\" \/>\n<meta property=\"og:url\" content=\"https:\/\/quimital.com\/pt-br\/suporte\/\" \/>\n<meta property=\"og:site_name\" content=\"Quimital\" \/>\n<meta property=\"article:modified_time\" content=\"2019-10-10T15:19:11+00:00\" \/>\n<meta property=\"og:image\" content=\"http:\/\/quimitaladmin.wwwmi3-sr24.supercp.com\/wp-content\/uploads\/2018\/09\/003-peru.png\" \/>\n<meta name=\"twitter:card\" content=\"summary_large_image\" \/>\n<meta name=\"twitter:label1\" content=\"Est. tempo de leitura\" \/>\n\t<meta name=\"twitter:data1\" content=\"1 minuto\" \/>\n<script type=\"application\/ld+json\" class=\"yoast-schema-graph\">{\"@context\":\"https:\/\/schema.org\",\"@graph\":[{\"@type\":\"WebSite\",\"@id\":\"https:\/\/quimital.com\/#website\",\"url\":\"https:\/\/quimital.com\/\",\"name\":\"Quimital\",\"description\":\"Chemical Products for HVACR & AUTOMOTIVE\",\"potentialAction\":[{\"@type\":\"SearchAction\",\"target\":{\"@type\":\"EntryPoint\",\"urlTemplate\":\"https:\/\/quimital.com\/?s={search_term_string}\"},\"query-input\":\"required name=search_term_string\"}],\"inLanguage\":\"pt-BR\"},{\"@type\":\"ImageObject\",\"@id\":\"https:\/\/quimital.com\/pt-br\/suporte\/#primaryimage\",\"inLanguage\":\"pt-BR\",\"url\":\"http:\/\/quimitaladmin.wwwmi3-sr24.supercp.com\/wp-content\/uploads\/2018\/09\/003-peru.png\",\"contentUrl\":\"http:\/\/quimitaladmin.wwwmi3-sr24.supercp.com\/wp-content\/uploads\/2018\/09\/003-peru.png\"},{\"@type\":\"WebPage\",\"@id\":\"https:\/\/quimital.com\/pt-br\/suporte\/#webpage\",\"url\":\"https:\/\/quimital.com\/pt-br\/suporte\/\",\"name\":\"SUPORTE - Quimital\",\"isPartOf\":{\"@id\":\"https:\/\/quimital.com\/#website\"},\"primaryImageOfPage\":{\"@id\":\"https:\/\/quimital.com\/pt-br\/suporte\/#primaryimage\"},\"datePublished\":\"2019-10-10T15:07:38+00:00\",\"dateModified\":\"2019-10-10T15:19:11+00:00\",\"breadcrumb\":{\"@id\":\"https:\/\/quimital.com\/pt-br\/suporte\/#breadcrumb\"},\"inLanguage\":\"pt-BR\",\"potentialAction\":[{\"@type\":\"ReadAction\",\"target\":[\"https:\/\/quimital.com\/pt-br\/suporte\/\"]}]},{\"@type\":\"BreadcrumbList\",\"@id\":\"https:\/\/quimital.com\/pt-br\/suporte\/#breadcrumb\",\"itemListElement\":[{\"@type\":\"ListItem\",\"position\":1,\"name\":\"Portada\",\"item\":\"https:\/\/quimital.com\/pt-br\/\"},{\"@type\":\"ListItem\",\"position\":2,\"name\":\"SUPORTE\"}]}]}<\/script>\n<!-- \/ Yoast SEO plugin. -->","yoast_head_json":{"robots":{"index":"index","follow":"follow","max-snippet":"max-snippet:-1","max-image-preview":"max-image-preview:large","max-video-preview":"max-video-preview:-1"},"canonical":"https:\/\/quimital.com\/pt-br\/suporte\/","og_locale":"pt_BR","og_type":"article","og_title":"SUPORTE - Quimital","og_description":"SUPORTE PER&Ugrave; QUIMICOS ITALIA SAC Av. San Luis Nro. 525 La Victoria LIMA PER\u00d9 BRASIL QUIMITAL LTDA. Av. Valville 109 &#8211; cj. 404 CEP 06532-010 Santana de Parnaiba S\u00c3O PAULO BRASIL MEXICO Hip\u00f3lito Taine 244 11560 Chapultepec Morales CDMX MEXICO USA QUIMITAL LLC 2600NW 112th...","og_url":"https:\/\/quimital.com\/pt-br\/suporte\/","og_site_name":"Quimital","article_modified_time":"2019-10-10T15:19:11+00:00","og_image":[{"url":"http:\/\/quimitaladmin.wwwmi3-sr24.supercp.com\/wp-content\/uploads\/2018\/09\/003-peru.png"}],"twitter_card":"summary_large_image","twitter_misc":{"Est. tempo de leitura":"1 minuto"},"schema":{"@context":"https:\/\/schema.org","@graph":[{"@type":"WebSite","@id":"https:\/\/quimital.com\/#website","url":"https:\/\/quimital.com\/","name":"Quimital","description":"Chemical Products for HVACR & AUTOMOTIVE","potentialAction":[{"@type":"SearchAction","target":{"@type":"EntryPoint","urlTemplate":"https:\/\/quimital.com\/?s={search_term_string}"},"query-input":"required name=search_term_string"}],"inLanguage":"pt-BR"},{"@type":"ImageObject","@id":"https:\/\/quimital.com\/pt-br\/suporte\/#primaryimage","inLanguage":"pt-BR","url":"http:\/\/quimitaladmin.wwwmi3-sr24.supercp.com\/wp-content\/uploads\/2018\/09\/003-peru.png","contentUrl":"http:\/\/quimitaladmin.wwwmi3-sr24.supercp.com\/wp-content\/uploads\/2018\/09\/003-peru.png"},{"@type":"WebPage","@id":"https:\/\/quimital.com\/pt-br\/suporte\/#webpage","url":"https:\/\/quimital.com\/pt-br\/suporte\/","name":"SUPORTE - Quimital","isPartOf":{"@id":"https:\/\/quimital.com\/#website"},"primaryImageOfPage":{"@id":"https:\/\/quimital.com\/pt-br\/suporte\/#primaryimage"},"datePublished":"2019-10-10T15:07:38+00:00","dateModified":"2019-10-10T15:19:11+00:00","breadcrumb":{"@id":"https:\/\/quimital.com\/pt-br\/suporte\/#breadcrumb"},"inLanguage":"pt-BR","potentialAction":[{"@type":"ReadAction","target":["https:\/\/quimital.com\/pt-br\/suporte\/"]}]},{"@type":"BreadcrumbList","@id":"https:\/\/quimital.com\/pt-br\/suporte\/#breadcrumb","itemListElement":[{"@type":"ListItem","position":1,"name":"Portada","item":"https:\/\/quimital.com\/pt-br\/"},{"@type":"ListItem","position":2,"name":"SUPORTE"}]}]}},"_links":{"self":[{"href":"https:\/\/quimital.com\/pt-br\/wp-json\/wp\/v2\/pages\/794"}],"collection":[{"href":"https:\/\/quimital.com\/pt-br\/wp-json\/wp\/v2\/pages"}],"about":[{"href":"https:\/\/quimital.com\/pt-br\/wp-json\/wp\/v2\/types\/page"}],"author":[{"embeddable":true,"href":"https:\/\/quimital.com\/pt-br\/wp-json\/wp\/v2\/users\/1"}],"replies":[{"embeddable":true,"href":"https:\/\/quimital.com\/pt-br\/wp-json\/wp\/v2\/comments?post=794"}],"version-history":[{"count":2,"href":"https:\/\/quimital.com\/pt-br\/wp-json\/wp\/v2\/pages\/794\/revisions"}],"predecessor-version":[{"id":796,"href":"https:\/\/quimital.com\/pt-br\/wp-json\/wp\/v2\/pages\/794\/revisions\/796"}],"wp:attachment":[{"href":"https:\/\/quimital.com\/pt-br\/wp-json\/wp\/v2\/media?parent=794"}],"curies":[{"name":"wp","href":"https:\/\/api.w.org\/{rel}","templated":true}]}}